{"id":368,"date":"2025-01-12T13:14:55","date_gmt":"2025-01-12T13:14:55","guid":{"rendered":"https:\/\/wp.dreamitworld.com\/solio\/?page_id=368"},"modified":"2025-09-30T19:53:23","modified_gmt":"2025-09-30T19:53:23","slug":"about-us","status":"publish","type":"page","link":"https:\/\/www.lamudel.com\/?page_id=368","title":{"rendered":"Quienes Somos"},"content":{"rendered":"\t\t<div data-elementor-type=\"wp-page\" data-elementor-id=\"368\" class=\"elementor elementor-368\">\n\t\t\t\t\t\t<section class=\"elementor-section elementor-top-section elementor-element elementor-element-d9aa515 elementor-section-boxed elementor-section-height-default elementor-section-height-default\" data-id=\"d9aa515\" data-element_type=\"section\" data-e-type=\"section\" data-settings=\"{&quot;background_background&quot;:&quot;classic&quot;}\">\n\t\t\t\t\t\t<div class=\"elementor-container elementor-column-gap-default\">\n\t\t\t\t\t<div class=\"elementor-column elementor-col-100 elementor-top-column elementor-element elementor-element-e172ecd\" data-id=\"e172ecd\" data-element_type=\"column\" data-e-type=\"column\">\n\t\t\t<div class=\"elementor-widget-wrap elementor-element-populated\">\n\t\t\t\t\t\t<section class=\"elementor-section elementor-inner-section elementor-element elementor-element-32ed6c1 elementor-section-boxed elementor-section-height-default elementor-section-height-default\" data-id=\"32ed6c1\" data-element_type=\"section\" data-e-type=\"section\">\n\t\t\t\t\t\t<div class=\"elementor-container elementor-column-gap-default\">\n\t\t\t\t\t<div class=\"elementor-column elementor-col-50 elementor-inner-column elementor-element elementor-element-e918447\" data-id=\"e918447\" data-element_type=\"column\" data-e-type=\"column\">\n\t\t\t<div class=\"elementor-widget-wrap elementor-element-populated\">\n\t\t\t\t\t\t<div class=\"elementor-element elementor-element-25d0c5f elementor-widget elementor-widget-image\" data-id=\"25d0c5f\" data-element_type=\"widget\" data-e-type=\"widget\" data-widget_type=\"image.default\">\n\t\t\t\t\t\t\t\t\t\t\t\t\t\t\t<img decoding=\"async\" src=\"https:\/\/www.lamudel.com\/wp-content\/uploads\/2025\/09\/banner_lamudel_600.png\" title=\"banner_lamudel_600\" alt=\"banner_lamudel_600\" loading=\"lazy\" \/>\t\t\t\t\t\t\t\t\t\t\t\t\t\t\t<\/div>\n\t\t\t\t\t<\/div>\n\t\t<\/div>\n\t\t\t\t<div class=\"elementor-column elementor-col-50 elementor-inner-column elementor-element elementor-element-1728b9e\" data-id=\"1728b9e\" data-element_type=\"column\" data-e-type=\"column\">\n\t\t\t<div class=\"elementor-widget-wrap elementor-element-populated\">\n\t\t\t\t\n\n\t\t<div class=\"elementor-element elementor-element-dc9d5f0 elementor-widget elementor-widget-section-title\" data-id=\"dc9d5f0\" data-element_type=\"widget\" data-e-type=\"widget\" data-widget_type=\"section-title.default\">\n\t\t\t\t<div class=\"elementor-widget-container\">\n\t\t\t\t\t\r\n\t\t\t\t\t<div class=\"section-title style2\">\r\n\t\t\t\t \r\n\t\t\t\t\t<h5 class=\"subtitle\">Quienes Somos<\/h5>\r\n\t\t\t\t\t\t\t\t\r\n\t\t\t\t\t\t\t\t\t\t\t\t\r\n\t\t\t\t\t\t\t<\/div>\r\n\r\n\t\t\r\n\t\t\t\t\t\t<\/div>\n\t\t\t\t<\/div>\n\t\t\t\t<div class=\"elementor-element elementor-element-7afefdb elementor-drop-cap-yes elementor-widget__width-initial elementor-drop-cap-view-default elementor-widget elementor-widget-text-editor\" data-id=\"7afefdb\" data-element_type=\"widget\" data-e-type=\"widget\" data-settings=\"{&quot;drop_cap&quot;:&quot;yes&quot;}\" data-widget_type=\"text-editor.default\">\n\t\t\t\t\t\t\t\t\t<p style=\"text-align: justify;\">Somos una empresa peruana dedicada a la fabricaci\u00f3n y comercializaci\u00f3n de productos para la limpieza dirigido a restaurantes, lavander\u00edas, hoteles, administraci\u00f3n de edificios, cl\u00ednicas, hospitales, industrias en general, y sobre todo familias en busca de soluciones amigables con el medio ambiente. Tenemos el compromiso de NO utilizar insumos que puedan causar alg\u00fan da\u00f1o a la salud de los usuarios y esa es nuestra principal diferencia.<\/p>\t\t\t\t\t\t\t\t<\/div>\n\t\t\t\t\t<\/div>\n\t\t<\/div>\n\t\t\t\t\t<\/div>\n\t\t<\/section>\n\t\t\t\t\t<\/div>\n\t\t<\/div>\n\t\t\t\t\t<\/div>\n\t\t<\/section>\n\t\t\t\t<\/div>\n\t\t","protected":false},"excerpt":{"rendered":"<p>Quienes Somos Somos una empresa peruana dedicada a la fabricaci\u00f3n y comercializaci\u00f3n de productos para la limpieza dirigido a restaurantes, lavander\u00edas, hoteles, administraci\u00f3n de edificios, cl\u00ednicas, hospitales, industrias en general, y sobre todo familias en busca de soluciones amigables con el medio ambiente. Tenemos el compromiso de NO utilizar insumos que puedan causar alg\u00fan da\u00f1o [&hellip;]<\/p>\n","protected":false},"author":1,"featured_media":0,"parent":0,"menu_order":0,"comment_status":"closed","ping_status":"closed","template":"page-templates\/template-default.php","meta":{"footnotes":""},"class_list":["post-368","page","type-page","status-publish","hentry"],"_links":{"self":[{"href":"https:\/\/www.lamudel.com\/index.php?rest_route=\/wp\/v2\/pages\/368","targetHints":{"allow":["GET"]}}],"collection":[{"href":"https:\/\/www.lamudel.com\/index.php?rest_route=\/wp\/v2\/pages"}],"about":[{"href":"https:\/\/www.lamudel.com\/index.php?rest_route=\/wp\/v2\/types\/page"}],"author":[{"embeddable":true,"href":"https:\/\/www.lamudel.com\/index.php?rest_route=\/wp\/v2\/users\/1"}],"replies":[{"embeddable":true,"href":"https:\/\/www.lamudel.com\/index.php?rest_route=%2Fwp%2Fv2%2Fcomments&post=368"}],"version-history":[{"count":32,"href":"https:\/\/www.lamudel.com\/index.php?rest_route=\/wp\/v2\/pages\/368\/revisions"}],"predecessor-version":[{"id":1023,"href":"https:\/\/www.lamudel.com\/index.php?rest_route=\/wp\/v2\/pages\/368\/revisions\/1023"}],"wp:attachment":[{"href":"https:\/\/www.lamudel.com\/index.php?rest_route=%2Fwp%2Fv2%2Fmedia&parent=368"}],"curies":[{"name":"wp","href":"https:\/\/api.w.org\/{rel}","templated":true}]}}