{"id":380,"date":"2025-01-12T13:31:08","date_gmt":"2025-01-12T13:31:08","guid":{"rendered":"https:\/\/wp.dreamitworld.com\/solio\/?page_id=380"},"modified":"2025-09-30T19:54:44","modified_gmt":"2025-09-30T19:54:44","slug":"services","status":"publish","type":"page","link":"https:\/\/www.lamudel.com\/?page_id=380","title":{"rendered":"Servicios"},"content":{"rendered":"\t\t<div data-elementor-type=\"wp-page\" data-elementor-id=\"380\" class=\"elementor elementor-380\">\n\t\t\t\t\t\t<section class=\"elementor-section elementor-top-section elementor-element elementor-element-848c604 elementor-section-boxed elementor-section-height-default elementor-section-height-default\" data-id=\"848c604\" data-element_type=\"section\" data-e-type=\"section\" data-settings=\"{&quot;background_background&quot;:&quot;classic&quot;}\">\n\t\t\t\t\t\t<div class=\"elementor-container elementor-column-gap-default\">\n\t\t\t\t\t<div class=\"elementor-column elementor-col-100 elementor-top-column elementor-element elementor-element-d9cf048\" data-id=\"d9cf048\" data-element_type=\"column\" data-e-type=\"column\">\n\t\t\t<div class=\"elementor-widget-wrap elementor-element-populated\">\n\t\t\t\t\t\t<section class=\"elementor-section elementor-inner-section elementor-element elementor-element-36ef58d elementor-section-boxed elementor-section-height-default elementor-section-height-default\" data-id=\"36ef58d\" data-element_type=\"section\" data-e-type=\"section\">\n\t\t\t\t\t\t<div class=\"elementor-container elementor-column-gap-wider\">\n\t\t\t\t\t<div class=\"elementor-column elementor-col-50 elementor-inner-column elementor-element elementor-element-721257a\" data-id=\"721257a\" data-element_type=\"column\" data-e-type=\"column\">\n\t\t\t<div class=\"elementor-widget-wrap elementor-element-populated\">\n\t\t\t\t\t\t<div class=\"elementor-element elementor-element-d267a69 elementor-widget elementor-widget-image\" data-id=\"d267a69\" data-element_type=\"widget\" data-e-type=\"widget\" data-widget_type=\"image.default\">\n\t\t\t\t\t\t\t\t\t\t\t\t\t\t\t<img fetchpriority=\"high\" decoding=\"async\" width=\"768\" height=\"1052\" src=\"https:\/\/www.lamudel.com\/wp-content\/uploads\/2025\/09\/Entrega_domicilio-768x1052.png\" class=\"attachment-medium_large size-medium_large wp-image-931\" alt=\"\" srcset=\"https:\/\/www.lamudel.com\/wp-content\/uploads\/2025\/09\/Entrega_domicilio-768x1052.png 768w, https:\/\/www.lamudel.com\/wp-content\/uploads\/2025\/09\/Entrega_domicilio-219x300.png 219w, https:\/\/www.lamudel.com\/wp-content\/uploads\/2025\/09\/Entrega_domicilio-747x1024.png 747w, https:\/\/www.lamudel.com\/wp-content\/uploads\/2025\/09\/Entrega_domicilio.png 864w\" sizes=\"(max-width: 768px) 100vw, 768px\" \/>\t\t\t\t\t\t\t\t\t\t\t\t\t\t\t<\/div>\n\t\t\t\t\t<\/div>\n\t\t<\/div>\n\t\t\t\t<div class=\"elementor-column elementor-col-50 elementor-inner-column elementor-element elementor-element-45ab355\" data-id=\"45ab355\" data-element_type=\"column\" data-e-type=\"column\">\n\t\t\t<div class=\"elementor-widget-wrap elementor-element-populated\">\n\t\t\t\t\n\n\t\t<div class=\"elementor-element elementor-element-137972c elementor-widget elementor-widget-section-title\" data-id=\"137972c\" data-element_type=\"widget\" data-e-type=\"widget\" data-widget_type=\"section-title.default\">\n\t\t\t\t<div class=\"elementor-widget-container\">\n\t\t\t\t\t\r\n\t\t\t\t\t<div class=\"section-title style2\">\r\n\t\t\t\t\t\t\t\t\r\n\t\t\t\t \r\n\t\t\t\t\t<h3 class=\"title\">Detalle de Servicios<\/h3>\r\n\t\t\t\t\t\t\t\t\t\t\t\t\r\n\t\t\t\t\t\t\t<\/div>\r\n\r\n\t\t\r\n\t\t\t\t\t\t<\/div>\n\t\t\t\t<\/div>\n\t\t\t\t<div class=\"elementor-element elementor-element-925945d elementor-widget__width-initial elementor-widget elementor-widget-text-editor\" data-id=\"925945d\" data-element_type=\"widget\" data-e-type=\"widget\" data-widget_type=\"text-editor.default\">\n\t\t\t\t\t\t\t\t\t<ul>\n<li>Servicio personalizado para buscar la mejor soluci\u00f3n a tu necesidad.<\/li>\n<li>Productos biodegradables de alta calidad y rendimiento.<\/li>\n<li>Fragancias cautivadoras desarrolladas por especialistas.<\/li>\n<li>Diferentes presentaciones de acuerdo a tu consumo (gal\u00f3n, bid\u00f3n, cilindro)<br \/>Envases de pl\u00e1stico reciclado y reciclable.<\/li>\n<li>Formato a granel en envases retornables.<\/li>\n<li>Precios competitivos.<\/li>\n<li>Entregas en tu casa o negocio para compras desde s\/100.00 soles.<\/li>\n<li>Cr\u00e9dito para negocios con compras semanales.<\/li>\n<\/ul>\t\t\t\t\t\t\t\t<\/div>\n\t\t\t\t\t<\/div>\n\t\t<\/div>\n\t\t\t\t\t<\/div>\n\t\t<\/section>\n\t\t\t\t<section class=\"elementor-section elementor-inner-section elementor-element elementor-element-5e3e674 elementor-section-full_width elementor-section-height-default elementor-section-height-default\" data-id=\"5e3e674\" data-element_type=\"section\" data-e-type=\"section\">\n\t\t\t\t\t\t<div class=\"elementor-container elementor-column-gap-wider\">\n\t\t\t\t\t<div class=\"elementor-column elementor-col-50 elementor-inner-column elementor-element elementor-element-94c2942\" data-id=\"94c2942\" data-element_type=\"column\" data-e-type=\"column\">\n\t\t\t<div class=\"elementor-widget-wrap elementor-element-populated\">\n\t\t\t\t\t\t<div class=\"elementor-element elementor-element-19bbe75 elementor-widget elementor-widget-section-title\" data-id=\"19bbe75\" data-element_type=\"widget\" data-e-type=\"widget\" data-widget_type=\"section-title.default\">\n\t\t\t\t<div class=\"elementor-widget-container\">\n\t\t\t\t\t\r\n\t\t\t\t\t<div class=\"section-title style2\">\r\n\t\t\t\t\t\t\t\t\r\n\t\t\t\t \r\n\t\t\t\t\t<h3 class=\"title\">Formatos de Recarga<\/h3>\r\n\t\t\t\t\t\t\t\t\t\t\t\t\r\n\t\t\t\t\t\t\t<\/div>\r\n\r\n\t\t\r\n\t\t\t\t\t\t<\/div>\n\t\t\t\t<\/div>\n\t\t\t\t<div class=\"elementor-element elementor-element-3c5c993 elementor-widget__width-initial elementor-widget elementor-widget-text-editor\" data-id=\"3c5c993\" data-element_type=\"widget\" data-e-type=\"widget\" data-widget_type=\"text-editor.default\">\n\t\t\t\t\t\t\t\t\t<p style=\"text-align: justify;\">El formatos de 1\/2L y 1.9L es\u00a0 nuestro formato de recarga, debido a que tienen un dispensador que ayuda a dosificar de manera correcta los productos, generando as\u00ed un mayor rendimiento del mismo. As\u00ed mismo este se puede rellenar m\u00faltiple veces con los formatos m\u00e1s grandes. Esto tiene los siguientes beneficios:<\/p>\n<ul>\n<li>Genera un ahorro para el cliente, al controlar la<br \/>dosificaci\u00f3n.<\/li>\n<li>Evita el uso excesivo de pl\u00e1stico de 1er uso.<\/li>\n<li>El correcto reciclaje genera un impacto positivo en el medio ambiente.<\/li>\n<\/ul>\t\t\t\t\t\t\t\t<\/div>\n\t\t\t\t\t<\/div>\n\t\t<\/div>\n\t\t\t\t<div class=\"elementor-column elementor-col-50 elementor-inner-column elementor-element elementor-element-292b890\" data-id=\"292b890\" data-element_type=\"column\" data-e-type=\"column\">\n\t\t\t<div class=\"elementor-widget-wrap elementor-element-populated\">\n\t\t\t\t\t\t<div class=\"elementor-element elementor-element-9a396e0 elementor-widget elementor-widget-section-title\" data-id=\"9a396e0\" data-element_type=\"widget\" data-e-type=\"widget\" data-widget_type=\"section-title.default\">\n\t\t\t\t<div class=\"elementor-widget-container\">\n\t\t\t\t\t\r\n\t\t\t\t\t<div class=\"section-title style2\">\r\n\t\t\t\t\t\t\t\t\r\n\t\t\t\t \r\n\t\t\t\t\t<h3 class=\"title\">Envases reciclables<\/h3>\r\n\t\t\t\t\t\t\t\t\t\t\t\t\r\n\t\t\t\t\t\t\t<\/div>\r\n\r\n\t\t\r\n\t\t\t\t\t\t<\/div>\n\t\t\t\t<\/div>\n\t\t\t\t<div class=\"elementor-element elementor-element-501493c elementor-widget__width-initial elementor-widget elementor-widget-text-editor\" data-id=\"501493c\" data-element_type=\"widget\" data-e-type=\"widget\" data-widget_type=\"text-editor.default\">\n\t\t\t\t\t\t\t\t\t<p style=\"text-align: justify;\">Para los formatos de 4L utilizamos \u00fanicamente envases fabricados con pl\u00e1stico reciclado Esto tiene los siguientes beneficios:<\/p>\n<ul>\n<li>Genera un ahorro para el cliente, al ser m\u00e1s econ\u00f3mico.<\/li>\n<li>Se puede reciclar nuevamente.<\/li>\n<li>El correcto reciclaje genera un impacto positivo en el<br \/>medio ambiente.<\/li>\n<\/ul>\t\t\t\t\t\t\t\t<\/div>\n\t\t\t\t\t<\/div>\n\t\t<\/div>\n\t\t\t\t\t<\/div>\n\t\t<\/section>\n\t\t\t\t<section class=\"elementor-section elementor-inner-section elementor-element elementor-element-b50e2f0 elementor-section-boxed elementor-section-height-default elementor-section-height-default\" data-id=\"b50e2f0\" data-element_type=\"section\" data-e-type=\"section\">\n\t\t\t\t\t\t<div class=\"elementor-container elementor-column-gap-wider\">\n\t\t\t\t\t<div class=\"elementor-column elementor-col-100 elementor-inner-column elementor-element elementor-element-890ed7c\" data-id=\"890ed7c\" data-element_type=\"column\" data-e-type=\"column\">\n\t\t\t<div class=\"elementor-widget-wrap elementor-element-populated\">\n\t\t\t\t\t\t<div class=\"elementor-element elementor-element-64d184b elementor-widget elementor-widget-section-title\" data-id=\"64d184b\" data-element_type=\"widget\" data-e-type=\"widget\" data-widget_type=\"section-title.default\">\n\t\t\t\t<div class=\"elementor-widget-container\">\n\t\t\t\t\t\r\n\t\t\t\t\t<div class=\"section-title style2\">\r\n\t\t\t\t\t\t\t\t\r\n\t\t\t\t \r\n\t\t\t\t\t<h3 class=\"title\">Envases retornables<\/h3>\r\n\t\t\t\t\t\t\t\t\t\t\t\t\r\n\t\t\t\t\t\t\t<\/div>\r\n\r\n\t\t\r\n\t\t\t\t\t\t<\/div>\n\t\t\t\t<\/div>\n\t\t\t\t<div class=\"elementor-element elementor-element-4190eb5 elementor-widget__width-initial elementor-widget elementor-widget-text-editor\" data-id=\"4190eb5\" data-element_type=\"widget\" data-e-type=\"widget\" data-widget_type=\"text-editor.default\">\n\t\t\t\t\t\t\t\t\t<p style=\"text-align: justify;\">Para los formatos de 20L y 170L tenemos la opci\u00f3n de envase retornable. Esto tiene los siguientes beneficios:<\/p>\n<ul>\n<li>Genera un ahorro para el cliente.<\/li>\n<li>El envase utilizado para el despacho est\u00e1 fabricado con pl\u00e1stico de alta densidad, lo cual permite ser utilizado m\u00faltiple veces.<\/li>\n<li>La reutilizaci\u00f3n de envases genera un impacto positivo en el medio ambiente.<\/li>\n<\/ul>\t\t\t\t\t\t\t\t<\/div>\n\t\t\t\t\t<\/div>\n\t\t<\/div>\n\t\t\t\t\t<\/div>\n\t\t<\/section>\n\t\t\t\t\t<\/div>\n\t\t<\/div>\n\t\t\t\t\t<\/div>\n\t\t<\/section>\n\t\t\t\t<\/div>\n\t\t","protected":false},"excerpt":{"rendered":"<p>Detalle de Servicios Servicio personalizado para buscar la mejor soluci\u00f3n a tu necesidad. Productos biodegradables de alta calidad y rendimiento. Fragancias cautivadoras desarrolladas por especialistas. Diferentes presentaciones de acuerdo a tu consumo (gal\u00f3n, bid\u00f3n, cilindro)Envases de pl\u00e1stico reciclado y reciclable. Formato a granel en envases retornables. Precios competitivos. Entregas en tu casa o negocio para [&hellip;]<\/p>\n","protected":false},"author":1,"featured_media":0,"parent":0,"menu_order":0,"comment_status":"closed","ping_status":"closed","template":"page-templates\/template-default.php","meta":{"footnotes":""},"class_list":["post-380","page","type-page","status-publish","hentry"],"_links":{"self":[{"href":"https:\/\/www.lamudel.com\/index.php?rest_route=\/wp\/v2\/pages\/380","targetHints":{"allow":["GET"]}}],"collection":[{"href":"https:\/\/www.lamudel.com\/index.php?rest_route=\/wp\/v2\/pages"}],"about":[{"href":"https:\/\/www.lamudel.com\/index.php?rest_route=\/wp\/v2\/types\/page"}],"author":[{"embeddable":true,"href":"https:\/\/www.lamudel.com\/index.php?rest_route=\/wp\/v2\/users\/1"}],"replies":[{"embeddable":true,"href":"https:\/\/www.lamudel.com\/index.php?rest_route=%2Fwp%2Fv2%2Fcomments&post=380"}],"version-history":[{"count":23,"href":"https:\/\/www.lamudel.com\/index.php?rest_route=\/wp\/v2\/pages\/380\/revisions"}],"predecessor-version":[{"id":1029,"href":"https:\/\/www.lamudel.com\/index.php?rest_route=\/wp\/v2\/pages\/380\/revisions\/1029"}],"wp:attachment":[{"href":"https:\/\/www.lamudel.com\/index.php?rest_route=%2Fwp%2Fv2%2Fmedia&parent=380"}],"curies":[{"name":"wp","href":"https:\/\/api.w.org\/{rel}","templated":true}]}}